{"id":63,"date":"2024-08-01T12:49:11","date_gmt":"2024-08-01T10:49:11","guid":{"rendered":"https:\/\/dev.stil-bau.de\/?page_id=63"},"modified":"2024-08-01T13:05:35","modified_gmt":"2024-08-01T11:05:35","slug":"ueber-stilbau","status":"publish","type":"page","link":"https:\/\/dev.stil-bau.de\/index.php\/ueber-stilbau\/","title":{"rendered":"\u00dcber Stilbau"},"content":{"rendered":"\n<p>Die Firma Stilbau ist ein kompetenter Partner f\u00fcr Arbeiten mit Naturstein  und Fliesen. Als Meisterbetrieb verf\u00fcgen wir \u00fcber Fachwissen und Erfahrung.<\/p>\n\n\n\n<p>Ihre Zufriedenheit ist unser oberstes Ziel. Deshalb stehen wir Ihnen zu jeder Zeit und in jeder Bauphase des Projekts mit Rat und Tat zur Seite.<\/p>\n\n\n\n<p>Wir beraten Sie nicht nur hinsichtlich technischer M\u00f6glichkeiten, sondern betrachten ebenso das Umfeld und Ihre pers\u00f6nlichen W\u00fcnsche und Vorstellungen.<\/p>\n\n\n\n<h2 class=\"wp-block-heading\" id=\"inhaber-angestellte\">Inhaber <\/h2>\n\n\n\n<p>Die Firma Stilbau ist eine Inhaber gef\u00fchrte Unternehmung mit Sitz in Fredersdorf bei Berlin. Federf\u00fchrend leitet Hans-J\u00fcrgen Lebelt die Geschicke. Mittlerweile ist Stilbau ein anerkannter Partner im Markt.<\/p>\n\n\n\n<h2 class=\"wp-block-heading\" id=\"unternehmens-geschichte\">Unternehmens-Geschichte<\/h2>\n\n\n\n<p>Entstehung von Stilbau<\/p>\n\n\n\n<p>Nach einer Lehre als Baufacharbeiter, folgten zehn intensive Jahre beim VEB Denkmalpflege. In dieser Zeit wurde bei der Wiederherstellung allgemein bekannter Objekten mitgewirkt wie, z.B. der Nikolai-Kirche, dem Berliner Dom und dem Brandenburger Tor. In Folge des Mauerfalls sammelte H.-J. Lebelt 4 Jahre lang Erfahrung bei verschiedenen Bauunternehmen.<\/p>\n\n\n\n<p>Es folgte die Entscheidung zur Meisterausbildung und der Schritt zur Selbstst\u00e4ndigkeit. Nach erfolgreichem Abschluss zum Maurermeister und der Erweiterung der Ausf\u00fchrungsberechtigung zum Fliesenleger und Restaurator gr\u00fcndete H-J. Lebelt das Unternehmen Stilbau. Zu Beginn in Zusammenarbeit mit mehreren Angestellten, mittlerweile in alleiniger Besetzung.<\/p>\n\n\n\n<p>Im Zuge der Erweiterung des Leistungsspektrums absolvierte H.-J. Lebelt unter anderem eine Mosaikschulung der Firma Bisazza in Italien, sowie einen Tadelaktlehrgang (marokkanische Spachteltechnik) in Berlin.<\/p>\n\n\n\n<h2 class=\"wp-block-heading\">Partner <\/h2>\n\n\n\n<p><a href=\"http:\/\/lehmofenwerk.de\/\" target=\"_blank\" rel=\"noreferrer noopener\">LehmOfenWerk<\/a> (Ofenbaumeister Wolfram Dressler)<br><\/p>\n","protected":false},"excerpt":{"rendered":"<p>Die Firma Stilbau ist ein kompetenter Partner f\u00fcr Arbeiten mit Naturstein und Fliesen. Als Meisterbetrieb verf\u00fcgen wir \u00fcber Fachwissen und Erfahrung. Ihre Zufriedenheit ist unser oberstes Ziel. Deshalb stehen wir Ihnen zu jeder Zeit und in jeder Bauphase des Projekts mit Rat und Tat zur Seite. Wir beraten Sie nicht nur hinsichtlich technischer M\u00f6glichkeiten, sondern&hellip; <a class=\"more-link\" href=\"https:\/\/dev.stil-bau.de\/index.php\/ueber-stilbau\/\"><span class=\"screen-reader-text\">\u00dcber Stilbau<\/span> weiterlesen<\/a><\/p>\n","protected":false},"author":2,"featured_media":0,"parent":0,"menu_order":0,"comment_status":"closed","ping_status":"closed","template":"","meta":{"footnotes":""},"_links":{"self":[{"href":"https:\/\/dev.stil-bau.de\/index.php\/wp-json\/wp\/v2\/pages\/63"}],"collection":[{"href":"https:\/\/dev.stil-bau.de\/index.php\/wp-json\/wp\/v2\/pages"}],"about":[{"href":"https:\/\/dev.stil-bau.de\/index.php\/wp-json\/wp\/v2\/types\/page"}],"author":[{"embeddable":true,"href":"https:\/\/dev.stil-bau.de\/index.php\/wp-json\/wp\/v2\/users\/2"}],"replies":[{"embeddable":true,"href":"https:\/\/dev.stil-bau.de\/index.php\/wp-json\/wp\/v2\/comments?post=63"}],"version-history":[{"count":8,"href":"https:\/\/dev.stil-bau.de\/index.php\/wp-json\/wp\/v2\/pages\/63\/revisions"}],"predecessor-version":[{"id":343,"href":"https:\/\/dev.stil-bau.de\/index.php\/wp-json\/wp\/v2\/pages\/63\/revisions\/343"}],"wp:attachment":[{"href":"https:\/\/dev.stil-bau.de\/index.php\/wp-json\/wp\/v2\/media?parent=63"}],"curies":[{"name":"wp","href":"https:\/\/api.w.org\/{rel}","templated":true}]}}