{"id":111,"date":"2024-08-01T11:15:37","date_gmt":"2024-08-01T09:15:37","guid":{"rendered":"https:\/\/dev.stil-bau.de\/?page_id=111"},"modified":"2024-08-01T13:14:23","modified_gmt":"2024-08-01T11:14:23","slug":"leistungen","status":"publish","type":"page","link":"https:\/\/dev.stil-bau.de\/index.php\/leistungen\/","title":{"rendered":"Leistungen"},"content":{"rendered":"\n<p>Hier m\u00f6chten wir Ihnen einen \u00dcberblick \u00fcber das Leistungsspektrum der Firma Stil-bau geben.<\/p>\n\n\n\n<ul>\n<li>Fachliche Beratung zu individueller Planung und Gestaltung<\/li>\n\n\n\n<li>Projektmanagement im Naturstein-, Fliesen-, und Mauerbereich<\/li>\n\n\n\n<li>Fliesen-, Platten- und <a href=\"https:\/\/dev.stil-bau.de\/index.php\/referenzen#mosaik\" data-type=\"link\" data-id=\"https:\/\/dev.stil-bau.de\/index.php\/referenzen\/#mosaik\" target=\"_blank\" rel=\"noreferrer noopener\">Mosaikverlegung<\/a><\/li>\n\n\n\n<li>Restaurierungsarbeiten und <a href=\"https:\/\/dev.stil-bau.de\/index.php\/referenzen#historische-bauausfuhrung\" target=\"_blank\" rel=\"noreferrer noopener\">historische Bautechniken<\/a>\n<ul>\n<li>Mauerwerksarbeiten<\/li>\n\n\n\n<li>Gew\u00f6lbe<\/li>\n\n\n\n<li>Stuckaturen und Fassadensanierungen<\/li>\n\n\n\n<li>Einfriedungen<\/li>\n<\/ul>\n<\/li>\n\n\n\n<li><a href=\"https:\/\/dev.stil-bau.de\/index.php\/referenzen#naturstein\" target=\"_blank\" rel=\"noreferrer noopener\">Natursteinverlegung<\/a><\/li>\n\n\n\n<li><a href=\"https:\/\/dev.stil-bau.de\/index.php\/referenzen#retro-fliesen\" target=\"_blank\" rel=\"noreferrer noopener\">Retro-Fliesen<\/a><\/li>\n\n\n\n<li>Balkon- und <a href=\"https:\/\/dev.stil-bau.de\/index.php\/referenzen#terrassen\" target=\"_blank\" rel=\"noreferrer noopener\">Terassensanierung<\/a><\/li>\n\n\n\n<li>Spezielle Sonderl\u00f6sungen\n<ul>\n<li>Trockenbau (ohne Elektrik- und Sanit\u00e4rarbeiten)<\/li>\n\n\n\n<li>Estricharbeiten<\/li>\n<\/ul>\n<\/li>\n\n\n\n<li><a href=\"https:\/\/dev.stil-bau.de\/index.php\/referenzen#mauerarbeiten\" data-type=\"internal\" data-id=\"#mauerarbeiten\" target=\"_blank\" rel=\"noreferrer noopener\">Mauerarbeiten<\/a> und Verblendungen<\/li>\n\n\n\n<li>B\u00e4der und Wellness<\/li>\n\n\n\n<li><a href=\"https:\/\/dev.stil-bau.de\/index.php\/referenzen#dampfsauna\" target=\"_blank\" rel=\"noreferrer noopener\">Dampfsaunen<\/a><\/li>\n\n\n\n<li><a href=\"https:\/\/dev.stil-bau.de\/index.php\/referenzen#grundofen_1\" target=\"_blank\" rel=\"noreferrer noopener\">Grund\u00f6fen<\/a><\/li>\n<\/ul>\n\n\n\n<p>Gerne nehmen wir Ihre Anfrage schriftlich per <a href=\"https:\/\/dev.stil-bau.de\/index.php\/impressum\/\" target=\"_blank\" rel=\"noreferrer noopener\">E-Mail<\/a> entgegen und erstellen Ihnen nach Absprache ein entsprechendes Angebot. F\u00fcr R\u00fcckfragen sind wir auch <a href=\"https:\/\/dev.stil-bau.de\/index.php\/impressum\/\" target=\"_blank\" rel=\"noreferrer noopener\">telefonisch<\/a> erreichbar.<\/p>\n","protected":false},"excerpt":{"rendered":"<p>Hier m\u00f6chten wir Ihnen einen \u00dcberblick \u00fcber das Leistungsspektrum der Firma Stil-bau geben. Gerne nehmen wir Ihre Anfrage schriftlich per E-Mail entgegen und erstellen Ihnen nach Absprache ein entsprechendes Angebot. F\u00fcr R\u00fcckfragen sind wir auch telefonisch erreichbar.<\/p>\n","protected":false},"author":2,"featured_media":0,"parent":0,"menu_order":0,"comment_status":"closed","ping_status":"closed","template":"","meta":{"footnotes":""},"_links":{"self":[{"href":"https:\/\/dev.stil-bau.de\/index.php\/wp-json\/wp\/v2\/pages\/111"}],"collection":[{"href":"https:\/\/dev.stil-bau.de\/index.php\/wp-json\/wp\/v2\/pages"}],"about":[{"href":"https:\/\/dev.stil-bau.de\/index.php\/wp-json\/wp\/v2\/types\/page"}],"author":[{"embeddable":true,"href":"https:\/\/dev.stil-bau.de\/index.php\/wp-json\/wp\/v2\/users\/2"}],"replies":[{"embeddable":true,"href":"https:\/\/dev.stil-bau.de\/index.php\/wp-json\/wp\/v2\/comments?post=111"}],"version-history":[{"count":18,"href":"https:\/\/dev.stil-bau.de\/index.php\/wp-json\/wp\/v2\/pages\/111\/revisions"}],"predecessor-version":[{"id":348,"href":"https:\/\/dev.stil-bau.de\/index.php\/wp-json\/wp\/v2\/pages\/111\/revisions\/348"}],"wp:attachment":[{"href":"https:\/\/dev.stil-bau.de\/index.php\/wp-json\/wp\/v2\/media?parent=111"}],"curies":[{"name":"wp","href":"https:\/\/api.w.org\/{rel}","templated":true}]}}